{"id":8,"date":"2023-05-19T06:30:57","date_gmt":"2023-05-19T06:30:57","guid":{"rendered":"https:\/\/demosites.royal-elementor-addons.com\/home-care-v1\/?page_id=8"},"modified":"2026-05-11T20:05:14","modified_gmt":"2026-05-11T20:05:14","slug":"produkte","status":"publish","type":"page","link":"https:\/\/depa-folierung.de\/?page_id=8","title":{"rendered":"Produkte"},"content":{"rendered":"\t\t<div data-elementor-type=\"wp-page\" data-elementor-id=\"8\" class=\"elementor elementor-8\">\n\t\t\t\t<div class=\"elementor-element elementor-element-312751e e-flex e-con-boxed wpr-particle-no wpr-jarallax-no wpr-parallax-no wpr-sticky-section-no wpr-equal-height-no e-con e-parent\" data-id=\"312751e\" data-element_type=\"container\" data-e-type=\"container\">\n\t\t\t\t\t<div class=\"e-con-inner\">\n\t\t\t\t\t<\/div>\n\t\t\t\t<\/div>\n\t\t<div class=\"elementor-element elementor-element-bd8ba3c e-flex e-con-boxed wpr-particle-no wpr-jarallax-no wpr-parallax-no wpr-sticky-section-no wpr-equal-height-no e-con e-parent\" data-id=\"bd8ba3c\" data-element_type=\"container\" data-e-type=\"container\" data-settings=\"{&quot;background_background&quot;:&quot;classic&quot;}\">\n\t\t\t\t\t<div class=\"e-con-inner\">\n\t\t<div class=\"elementor-element elementor-element-753ef72 e-con-full e-flex wpr-particle-no wpr-jarallax-no wpr-parallax-no wpr-sticky-section-no wpr-equal-height-no e-con e-child\" data-id=\"753ef72\" data-element_type=\"container\" data-e-type=\"container\">\n\t\t\t\t<div class=\"elementor-element elementor-element-7dfc136 elementor-position-top elementor-widget elementor-widget-image-box\" data-id=\"7dfc136\" data-element_type=\"widget\" data-e-type=\"widget\" data-widget_type=\"image-box.default\">\n\t\t\t\t<div class=\"elementor-widget-container\">\n\t\t\t\t\t<div class=\"elementor-image-box-wrapper\"><figure class=\"elementor-image-box-img\"><a href=\"https:\/\/depa-folierung.de\/?page_id=1468\" tabindex=\"-1\"><img fetchpriority=\"high\" decoding=\"async\" width=\"955\" height=\"700\" src=\"https:\/\/depa-folierung.de\/wp-content\/uploads\/2025\/06\/Sonnenschutz-klein.jpg\" class=\"attachment-full size-full wp-image-1178\" alt=\"\" srcset=\"https:\/\/depa-folierung.de\/wp-content\/uploads\/2025\/06\/Sonnenschutz-klein.jpg 955w, https:\/\/depa-folierung.de\/wp-content\/uploads\/2025\/06\/Sonnenschutz-klein-300x220.jpg 300w, https:\/\/depa-folierung.de\/wp-content\/uploads\/2025\/06\/Sonnenschutz-klein-768x563.jpg 768w\" sizes=\"(max-width: 955px) 100vw, 955px\" \/><\/a><\/figure><div class=\"elementor-image-box-content\"><h3 class=\"elementor-image-box-title\"><a href=\"https:\/\/depa-folierung.de\/?page_id=1468\">W\u00e4rmeschutzfolie<\/a><\/h3><\/div><\/div>\t\t\t\t<\/div>\n\t\t\t\t<\/div>\n\t\t\t\t<\/div>\n\t\t<div class=\"elementor-element elementor-element-7e95aae e-con-full e-flex wpr-particle-no wpr-jarallax-no wpr-parallax-no wpr-sticky-section-no wpr-equal-height-no e-con e-child\" data-id=\"7e95aae\" data-element_type=\"container\" data-e-type=\"container\">\n\t\t\t\t<div class=\"elementor-element elementor-element-98d0ef3 elementor-position-top elementor-widget elementor-widget-image-box\" data-id=\"98d0ef3\" data-element_type=\"widget\" data-e-type=\"widget\" data-widget_type=\"image-box.default\">\n\t\t\t\t<div class=\"elementor-widget-container\">\n\t\t\t\t\t<div class=\"elementor-image-box-wrapper\"><figure class=\"elementor-image-box-img\"><a href=\"https:\/\/depa-folierung.de\/?page_id=1468\" tabindex=\"-1\"><img decoding=\"async\" width=\"1752\" height=\"1300\" src=\"https:\/\/depa-folierung.de\/wp-content\/uploads\/2026\/05\/WintergartenII.jpg\" class=\"attachment-full size-full wp-image-3298\" alt=\"\" srcset=\"https:\/\/depa-folierung.de\/wp-content\/uploads\/2026\/05\/WintergartenII.jpg 1752w, https:\/\/depa-folierung.de\/wp-content\/uploads\/2026\/05\/WintergartenII-300x223.jpg 300w, https:\/\/depa-folierung.de\/wp-content\/uploads\/2026\/05\/WintergartenII-1024x760.jpg 1024w, https:\/\/depa-folierung.de\/wp-content\/uploads\/2026\/05\/WintergartenII-768x570.jpg 768w, https:\/\/depa-folierung.de\/wp-content\/uploads\/2026\/05\/WintergartenII-1536x1140.jpg 1536w\" sizes=\"(max-width: 1752px) 100vw, 1752px\" \/><\/a><\/figure><div class=\"elementor-image-box-content\"><h3 class=\"elementor-image-box-title\"><a href=\"https:\/\/depa-folierung.de\/?page_id=1468\">W\u00e4rmeschutzfolie f\u00fcr\u00ad Dach-\/Schr\u00e4gverglasungen<\/a><\/h3><\/div><\/div>\t\t\t\t<\/div>\n\t\t\t\t<\/div>\n\t\t\t\t<\/div>\n\t\t<div class=\"elementor-element elementor-element-71df812 e-con-full e-flex wpr-particle-no wpr-jarallax-no wpr-parallax-no wpr-sticky-section-no wpr-equal-height-no e-con e-child\" data-id=\"71df812\" data-element_type=\"container\" data-e-type=\"container\">\n\t\t\t\t<div class=\"elementor-element elementor-element-b8b66aa elementor-position-top elementor-widget elementor-widget-image-box\" data-id=\"b8b66aa\" data-element_type=\"widget\" data-e-type=\"widget\" data-widget_type=\"image-box.default\">\n\t\t\t\t<div class=\"elementor-widget-container\">\n\t\t\t\t\t<div class=\"elementor-image-box-wrapper\"><figure class=\"elementor-image-box-img\"><a href=\"https:\/\/depa-folierung.de\/?page_id=1468\" tabindex=\"-1\"><img decoding=\"async\" width=\"1666\" height=\"1111\" src=\"https:\/\/depa-folierung.de\/wp-content\/uploads\/2026\/05\/Flachdachfensterkuppel-.jpg\" class=\"attachment-full size-full wp-image-3315\" alt=\"\" srcset=\"https:\/\/depa-folierung.de\/wp-content\/uploads\/2026\/05\/Flachdachfensterkuppel-.jpg 1666w, https:\/\/depa-folierung.de\/wp-content\/uploads\/2026\/05\/Flachdachfensterkuppel--300x200.jpg 300w, https:\/\/depa-folierung.de\/wp-content\/uploads\/2026\/05\/Flachdachfensterkuppel--1024x683.jpg 1024w, https:\/\/depa-folierung.de\/wp-content\/uploads\/2026\/05\/Flachdachfensterkuppel--768x512.jpg 768w, https:\/\/depa-folierung.de\/wp-content\/uploads\/2026\/05\/Flachdachfensterkuppel--1536x1024.jpg 1536w\" sizes=\"(max-width: 1666px) 100vw, 1666px\" \/><\/a><\/figure><div class=\"elementor-image-box-content\"><h3 class=\"elementor-image-box-title\"><a href=\"https:\/\/depa-folierung.de\/?page_id=1468\">Sonnenschutzfolie \u00adf\u00fcr Kunststoff\u00adverglasungen<\/a><\/h3><\/div><\/div>\t\t\t\t<\/div>\n\t\t\t\t<\/div>\n\t\t\t\t<\/div>\n\t\t<div class=\"elementor-element elementor-element-d5ff403 e-con-full e-flex wpr-particle-no wpr-jarallax-no wpr-parallax-no wpr-sticky-section-no wpr-equal-height-no e-con e-child\" data-id=\"d5ff403\" data-element_type=\"container\" data-e-type=\"container\">\n\t\t\t\t<div class=\"elementor-element elementor-element-997e09e elementor-position-top elementor-widget elementor-widget-image-box\" data-id=\"997e09e\" data-element_type=\"widget\" data-e-type=\"widget\" data-widget_type=\"image-box.default\">\n\t\t\t\t<div class=\"elementor-widget-container\">\n\t\t\t\t\t<div class=\"elementor-image-box-wrapper\"><figure class=\"elementor-image-box-img\"><a href=\"https:\/\/depa-folierung.de\/?page_id=1801\" tabindex=\"-1\"><img loading=\"lazy\" decoding=\"async\" width=\"1200\" height=\"800\" src=\"https:\/\/depa-folierung.de\/wp-content\/uploads\/2026\/05\/Milchglas2.jpg\" class=\"attachment-full size-full wp-image-3326\" alt=\"\" srcset=\"https:\/\/depa-folierung.de\/wp-content\/uploads\/2026\/05\/Milchglas2.jpg 1200w, https:\/\/depa-folierung.de\/wp-content\/uploads\/2026\/05\/Milchglas2-300x200.jpg 300w, https:\/\/depa-folierung.de\/wp-content\/uploads\/2026\/05\/Milchglas2-1024x683.jpg 1024w, https:\/\/depa-folierung.de\/wp-content\/uploads\/2026\/05\/Milchglas2-768x512.jpg 768w\" sizes=\"(max-width: 1200px) 100vw, 1200px\" \/><\/a><\/figure><div class=\"elementor-image-box-content\"><h3 class=\"elementor-image-box-title\"><a href=\"https:\/\/depa-folierung.de\/?page_id=1801\">Sichtschutzfolie<\/a><\/h3><\/div><\/div>\t\t\t\t<\/div>\n\t\t\t\t<\/div>\n\t\t\t\t<\/div>\n\t\t\t\t\t<\/div>\n\t\t\t\t<\/div>\n\t\t<div class=\"elementor-element elementor-element-eb1ae7d e-flex e-con-boxed wpr-particle-no wpr-jarallax-no wpr-parallax-no wpr-sticky-section-no wpr-equal-height-no e-con e-parent\" data-id=\"eb1ae7d\" data-element_type=\"container\" data-e-type=\"container\" data-settings=\"{&quot;background_background&quot;:&quot;classic&quot;}\">\n\t\t\t\t\t<div class=\"e-con-inner\">\n\t\t<div class=\"elementor-element elementor-element-d7bcb94 e-con-full e-flex wpr-particle-no wpr-jarallax-no wpr-parallax-no wpr-sticky-section-no wpr-equal-height-no e-con e-child\" data-id=\"d7bcb94\" data-element_type=\"container\" data-e-type=\"container\">\n\t\t\t\t<div class=\"elementor-element elementor-element-7997e08 elementor-position-top elementor-widget elementor-widget-image-box\" data-id=\"7997e08\" data-element_type=\"widget\" data-e-type=\"widget\" data-widget_type=\"image-box.default\">\n\t\t\t\t<div class=\"elementor-widget-container\">\n\t\t\t\t\t<div class=\"elementor-image-box-wrapper\"><figure class=\"elementor-image-box-img\"><a href=\"https:\/\/depa-folierung.de\/?page_id=1832\" tabindex=\"-1\"><img loading=\"lazy\" decoding=\"async\" width=\"420\" height=\"308\" src=\"https:\/\/depa-folierung.de\/wp-content\/uploads\/2025\/06\/Fenster-Winter-klein.jpg\" class=\"attachment-full size-full wp-image-1209\" alt=\"\" srcset=\"https:\/\/depa-folierung.de\/wp-content\/uploads\/2025\/06\/Fenster-Winter-klein.jpg 420w, https:\/\/depa-folierung.de\/wp-content\/uploads\/2025\/06\/Fenster-Winter-klein-300x220.jpg 300w\" sizes=\"(max-width: 420px) 100vw, 420px\" \/><\/a><\/figure><div class=\"elementor-image-box-content\"><h3 class=\"elementor-image-box-title\"><a href=\"https:\/\/depa-folierung.de\/?page_id=1832\">Energiespar- &amp; Isolationsfolie<\/a><\/h3><\/div><\/div>\t\t\t\t<\/div>\n\t\t\t\t<\/div>\n\t\t\t\t<\/div>\n\t\t<div class=\"elementor-element elementor-element-a24a1e1 e-con-full e-flex wpr-particle-no wpr-jarallax-no wpr-parallax-no wpr-sticky-section-no wpr-equal-height-no e-con e-child\" data-id=\"a24a1e1\" data-element_type=\"container\" data-e-type=\"container\">\n\t\t\t\t<div class=\"elementor-element elementor-element-5d79b50 elementor-position-top elementor-widget elementor-widget-image-box\" data-id=\"5d79b50\" data-element_type=\"widget\" data-e-type=\"widget\" data-widget_type=\"image-box.default\">\n\t\t\t\t<div class=\"elementor-widget-container\">\n\t\t\t\t\t<div class=\"elementor-image-box-wrapper\"><figure class=\"elementor-image-box-img\"><a href=\"https:\/\/depa-folierung.de\/?page_id=1832\" tabindex=\"-1\"><img loading=\"lazy\" decoding=\"async\" width=\"420\" height=\"308\" src=\"https:\/\/depa-folierung.de\/wp-content\/uploads\/2025\/06\/Fassade-Hitze-klein.jpg\" class=\"attachment-full size-full wp-image-1206\" alt=\"\" srcset=\"https:\/\/depa-folierung.de\/wp-content\/uploads\/2025\/06\/Fassade-Hitze-klein.jpg 420w, https:\/\/depa-folierung.de\/wp-content\/uploads\/2025\/06\/Fassade-Hitze-klein-300x220.jpg 300w\" sizes=\"(max-width: 420px) 100vw, 420px\" \/><\/a><\/figure><div class=\"elementor-image-box-content\"><h3 class=\"elementor-image-box-title\"><a href=\"https:\/\/depa-folierung.de\/?page_id=1832\">UV-Schutzfolie<\/a><\/h3><\/div><\/div>\t\t\t\t<\/div>\n\t\t\t\t<\/div>\n\t\t\t\t<\/div>\n\t\t<div class=\"elementor-element elementor-element-c3e0f27 e-con-full e-flex wpr-particle-no wpr-jarallax-no wpr-parallax-no wpr-sticky-section-no wpr-equal-height-no e-con e-child\" data-id=\"c3e0f27\" data-element_type=\"container\" data-e-type=\"container\">\n\t\t\t\t<div class=\"elementor-element elementor-element-f29854d elementor-position-top elementor-widget elementor-widget-image-box\" data-id=\"f29854d\" data-element_type=\"widget\" data-e-type=\"widget\" data-widget_type=\"image-box.default\">\n\t\t\t\t<div class=\"elementor-widget-container\">\n\t\t\t\t\t<div class=\"elementor-image-box-wrapper\"><figure class=\"elementor-image-box-img\"><a href=\"https:\/\/depa-folierung.de\/?page_id=1873\" tabindex=\"-1\"><img loading=\"lazy\" decoding=\"async\" width=\"420\" height=\"308\" src=\"https:\/\/depa-folierung.de\/wp-content\/uploads\/2025\/06\/Einbrecher-klein.jpg\" class=\"attachment-full size-full wp-image-1207\" alt=\"\" srcset=\"https:\/\/depa-folierung.de\/wp-content\/uploads\/2025\/06\/Einbrecher-klein.jpg 420w, https:\/\/depa-folierung.de\/wp-content\/uploads\/2025\/06\/Einbrecher-klein-300x220.jpg 300w\" sizes=\"(max-width: 420px) 100vw, 420px\" \/><\/a><\/figure><div class=\"elementor-image-box-content\"><h3 class=\"elementor-image-box-title\"><a href=\"https:\/\/depa-folierung.de\/?page_id=1873\">Einbruchschutz- &amp; Sicherheitsfolie<\/a><\/h3><\/div><\/div>\t\t\t\t<\/div>\n\t\t\t\t<\/div>\n\t\t\t\t<\/div>\n\t\t<div class=\"elementor-element elementor-element-5eec06d e-con-full e-flex wpr-particle-no wpr-jarallax-no wpr-parallax-no wpr-sticky-section-no wpr-equal-height-no e-con e-child\" data-id=\"5eec06d\" data-element_type=\"container\" data-e-type=\"container\">\n\t\t\t\t<div class=\"elementor-element elementor-element-91e66a7 elementor-position-top elementor-widget elementor-widget-image-box\" data-id=\"91e66a7\" data-element_type=\"widget\" data-e-type=\"widget\" data-widget_type=\"image-box.default\">\n\t\t\t\t<div class=\"elementor-widget-container\">\n\t\t\t\t\t<div class=\"elementor-image-box-wrapper\"><figure class=\"elementor-image-box-img\"><a href=\"https:\/\/depa-folierung.de\/?page_id=1873\" tabindex=\"-1\"><img loading=\"lazy\" decoding=\"async\" width=\"420\" height=\"308\" src=\"https:\/\/depa-folierung.de\/wp-content\/uploads\/2025\/06\/Spiegelfolie.jpg\" class=\"attachment-full size-full wp-image-1208\" alt=\"\" srcset=\"https:\/\/depa-folierung.de\/wp-content\/uploads\/2025\/06\/Spiegelfolie.jpg 420w, https:\/\/depa-folierung.de\/wp-content\/uploads\/2025\/06\/Spiegelfolie-300x220.jpg 300w\" sizes=\"(max-width: 420px) 100vw, 420px\" \/><\/a><\/figure><div class=\"elementor-image-box-content\"><h3 class=\"elementor-image-box-title\"><a href=\"https:\/\/depa-folierung.de\/?page_id=1873\">Spiegelfolie<\/a><\/h3><\/div><\/div>\t\t\t\t<\/div>\n\t\t\t\t<\/div>\n\t\t\t\t<\/div>\n\t\t\t\t\t<\/div>\n\t\t\t\t<\/div>\n\t\t<div class=\"elementor-element elementor-element-5aa553b e-flex e-con-boxed wpr-particle-no wpr-jarallax-no wpr-parallax-no wpr-sticky-section-no wpr-equal-height-no e-con e-parent\" data-id=\"5aa553b\" data-element_type=\"container\" data-e-type=\"container\" data-settings=\"{&quot;background_background&quot;:&quot;classic&quot;}\">\n\t\t\t\t\t<div class=\"e-con-inner\">\n\t\t<div class=\"elementor-element elementor-element-2d7216c e-con-full e-flex wpr-particle-no wpr-jarallax-no wpr-parallax-no wpr-sticky-section-no wpr-equal-height-no e-con e-child\" data-id=\"2d7216c\" data-element_type=\"container\" data-e-type=\"container\">\n\t\t\t\t<div class=\"elementor-element elementor-element-eea6c33 elementor-position-top elementor-widget elementor-widget-image-box\" data-id=\"eea6c33\" data-element_type=\"widget\" data-e-type=\"widget\" data-widget_type=\"image-box.default\">\n\t\t\t\t<div class=\"elementor-widget-container\">\n\t\t\t\t\t<div class=\"elementor-image-box-wrapper\"><figure class=\"elementor-image-box-img\"><a href=\"https:\/\/depa-folierung.de\/?page_id=1873\" tabindex=\"-1\"><img loading=\"lazy\" decoding=\"async\" width=\"420\" height=\"308\" src=\"https:\/\/depa-folierung.de\/wp-content\/uploads\/2025\/06\/Graffiti_III.jpg\" class=\"attachment-full size-full wp-image-1248\" alt=\"\" srcset=\"https:\/\/depa-folierung.de\/wp-content\/uploads\/2025\/06\/Graffiti_III.jpg 420w, https:\/\/depa-folierung.de\/wp-content\/uploads\/2025\/06\/Graffiti_III-300x220.jpg 300w\" sizes=\"(max-width: 420px) 100vw, 420px\" \/><\/a><\/figure><div class=\"elementor-image-box-content\"><h3 class=\"elementor-image-box-title\"><a href=\"https:\/\/depa-folierung.de\/?page_id=1873\">Antigraffiti- und Antikratzfolien<\/a><\/h3><\/div><\/div>\t\t\t\t<\/div>\n\t\t\t\t<\/div>\n\t\t\t\t<\/div>\n\t\t<div class=\"elementor-element elementor-element-65652b4 e-con-full e-flex wpr-particle-no wpr-jarallax-no wpr-parallax-no wpr-sticky-section-no wpr-equal-height-no e-con e-child\" data-id=\"65652b4\" data-element_type=\"container\" data-e-type=\"container\">\n\t\t\t\t<div class=\"elementor-element elementor-element-7bc64be elementor-position-top elementor-widget elementor-widget-image-box\" data-id=\"7bc64be\" data-element_type=\"widget\" data-e-type=\"widget\" data-widget_type=\"image-box.default\">\n\t\t\t\t<div class=\"elementor-widget-container\">\n\t\t\t\t\t<div class=\"elementor-image-box-wrapper\"><figure class=\"elementor-image-box-img\"><a href=\"https:\/\/depa-folierung.de\/?page_id=1885\" tabindex=\"-1\"><img loading=\"lazy\" decoding=\"async\" width=\"420\" height=\"308\" src=\"https:\/\/depa-folierung.de\/wp-content\/uploads\/2025\/06\/Kueche.jpg\" class=\"attachment-full size-full wp-image-1249\" alt=\"\" srcset=\"https:\/\/depa-folierung.de\/wp-content\/uploads\/2025\/06\/Kueche.jpg 420w, https:\/\/depa-folierung.de\/wp-content\/uploads\/2025\/06\/Kueche-300x220.jpg 300w\" sizes=\"(max-width: 420px) 100vw, 420px\" \/><\/a><\/figure><div class=\"elementor-image-box-content\"><h3 class=\"elementor-image-box-title\"><a href=\"https:\/\/depa-folierung.de\/?page_id=1885\">M\u00f6belfolien<\/a><\/h3><\/div><\/div>\t\t\t\t<\/div>\n\t\t\t\t<\/div>\n\t\t\t\t<\/div>\n\t\t<div class=\"elementor-element elementor-element-94dd671 e-con-full e-flex wpr-particle-no wpr-jarallax-no wpr-parallax-no wpr-sticky-section-no wpr-equal-height-no e-con e-child\" data-id=\"94dd671\" data-element_type=\"container\" data-e-type=\"container\">\n\t\t\t\t<\/div>\n\t\t<div class=\"elementor-element elementor-element-f52c0e3 e-con-full e-flex wpr-particle-no wpr-jarallax-no wpr-parallax-no wpr-sticky-section-no wpr-equal-height-no e-con e-child\" data-id=\"f52c0e3\" data-element_type=\"container\" data-e-type=\"container\">\n\t\t\t\t<\/div>\n\t\t\t\t\t<\/div>\n\t\t\t\t<\/div>\n\t\t\t\t<\/div>\n\t\t","protected":false},"excerpt":{"rendered":"<p>W\u00e4rmeschutzfolie W\u00e4rmeschutzfolie f\u00fcr\u00ad Dach-\/Schr\u00e4gverglasungen Sonnenschutzfolie \u00adf\u00fcr Kunststoff\u00adverglasungen Sichtschutzfolie Energiespar- &amp; Isolationsfolie UV-Schutzfolie Einbruchschutz- &amp; Sicherheitsfolie Spiegelfolie Antigraffiti- und Antikratzfolien M\u00f6belfolien<\/p>\n","protected":false},"author":1,"featured_media":0,"parent":0,"menu_order":0,"comment_status":"closed","ping_status":"closed","template":"elementor_canvas","meta":{"footnotes":""},"class_list":["post-8","page","type-page","status-publish","hentry"],"_links":{"self":[{"href":"https:\/\/depa-folierung.de\/index.php?rest_route=\/wp\/v2\/pages\/8","targetHints":{"allow":["GET"]}}],"collection":[{"href":"https:\/\/depa-folierung.de\/index.php?rest_route=\/wp\/v2\/pages"}],"about":[{"href":"https:\/\/depa-folierung.de\/index.php?rest_route=\/wp\/v2\/types\/page"}],"author":[{"embeddable":true,"href":"https:\/\/depa-folierung.de\/index.php?rest_route=\/wp\/v2\/users\/1"}],"replies":[{"embeddable":true,"href":"https:\/\/depa-folierung.de\/index.php?rest_route=%2Fwp%2Fv2%2Fcomments&post=8"}],"version-history":[{"count":65,"href":"https:\/\/depa-folierung.de\/index.php?rest_route=\/wp\/v2\/pages\/8\/revisions"}],"predecessor-version":[{"id":3332,"href":"https:\/\/depa-folierung.de\/index.php?rest_route=\/wp\/v2\/pages\/8\/revisions\/3332"}],"wp:attachment":[{"href":"https:\/\/depa-folierung.de\/index.php?rest_route=%2Fwp%2Fv2%2Fmedia&parent=8"}],"curies":[{"name":"wp","href":"https:\/\/api.w.org\/{rel}","templated":true}]}}