{"id":2260,"date":"2025-06-29T20:47:40","date_gmt":"2025-06-29T20:47:40","guid":{"rendered":"https:\/\/depa-folierung.de\/?page_id=2260"},"modified":"2026-05-13T20:48:22","modified_gmt":"2026-05-13T20:48:22","slug":"impressum","status":"publish","type":"page","link":"https:\/\/depa-folierung.de\/?page_id=2260","title":{"rendered":"Impressum"},"content":{"rendered":"\t\t<div data-elementor-type=\"wp-page\" data-elementor-id=\"2260\" class=\"elementor elementor-2260\">\n\t\t\t\t<div class=\"elementor-element elementor-element-cfd9eb2 e-flex e-con-boxed wpr-particle-no wpr-jarallax-no wpr-parallax-no wpr-sticky-section-no wpr-equal-height-no e-con e-parent\" data-id=\"cfd9eb2\" data-element_type=\"container\" data-e-type=\"container\">\n\t\t\t\t\t<div class=\"e-con-inner\">\n\t\t\t\t<div class=\"elementor-element elementor-element-9490bc8 elementor-widget elementor-widget-text-editor\" data-id=\"9490bc8\" data-element_type=\"widget\" data-e-type=\"widget\" data-widget_type=\"text-editor.default\">\n\t\t\t\t<div class=\"elementor-widget-container\">\n\t\t\t\t\t\t\t\t\t<h2><strong>Impressum<\/strong><\/h2><h3>Angaben gem\u00e4\u00df \u00a7 5 TMG<\/h3><p>Denise Jazdzynski<br \/>DePa Dienstleistung<br \/>Wilhelmshavener Str. 17<br \/>24105 Kiel<\/p><h3>Kontakt<\/h3><p>Telefon: 0176 30121151<br \/>E-Mail: info@depa-dienstleistung.de<\/p><h3>Umsatzsteuer-ID<\/h3><p>Umsatzsteuer-Identifikationsnummer gem\u00e4\u00df \u00a7 27 a Umsatzsteuergesetz:<br \/>20\/058\/07957<\/p><h3>EU-Streitschlichtung<\/h3><p>Die Europ\u00e4ische Kommission stellt eine Plattform zur Online-Streitbeilegung (OS) bereit: <a href=\"https:\/\/ec.europa.eu\/consumers\/odr\/\" target=\"_blank\" rel=\"noopener noreferrer\">https:\/\/ec.europa.eu\/consumers\/odr\/<\/a>.<br \/>Unsere E-Mail-Adresse finden Sie oben im Impressum.<\/p><h3>Verbraucher\u00adstreit\u00adbeilegung\/Universal\u00adschlichtungs\u00adstelle<\/h3><p>Wir sind nicht bereit oder verpflichtet, an Streitbeilegungsverfahren vor einer Verbraucherschlichtungsstelle teilzunehmen.<\/p><p>Quelle: www.e-recht24.de<\/p><h4><strong>Bildnachweise:<\/strong><\/h4><p><b>Home:<\/b> Istockfoto.com <em>shansekala \u2022 <\/em>Istockfoto <em>John Keeble<span class=\"blue science-text\" data-t=\"detail-panel-content-author-name\"> \u2022 <\/span><\/em><span class=\"blue science-text\" data-t=\"detail-panel-content-author-name\">Istockfoto.com, <\/span><em><span class=\"blue science-text\" data-t=\"detail-panel-content-author-name\">Natali Prasm \u2022 <\/span><\/em><span class=\"blue science-text\" data-t=\"detail-panel-content-author-name\">Istockfoto.com, <em>Maximkostenko <\/em><\/span><em><span class=\"blue science-text\" data-t=\"detail-panel-content-author-name\">\u2022 <\/span><\/em><span class=\"blue science-text\" data-t=\"detail-panel-content-author-name\">Istockfoto.com, <\/span><em><span class=\"blue science-text\" data-t=\"detail-panel-content-author-name\">Phototropic \u2022 <\/span><\/em><span class=\"blue science-text\" data-t=\"detail-panel-content-author-name\">Istockfoto.com<\/span><em><span class=\"blue science-text\" data-t=\"detail-panel-content-author-name\">, <\/span>PPAM Picture und movingmoods<span class=\"blue science-text\" data-t=\"detail-panel-content-author-name\"> \u2022 <\/span><\/em><span class=\"blue science-text\" data-t=\"detail-panel-content-author-name\">Adobestock.com<\/span><em><span class=\"blue science-text\" data-t=\"detail-panel-content-author-name\">, <\/span>corepics <span class=\"blue science-text\" data-t=\"detail-panel-content-author-name\">\u2022 <\/span><\/em><span class=\"blue science-text\" data-t=\"detail-panel-content-author-name\">Istockfoto.com, <\/span><em><span class=\"blue science-text\" data-t=\"detail-panel-content-author-name\">rilueda \u2022 <\/span><\/em><span class=\"blue science-text\" data-t=\"detail-panel-content-author-name\">FAVPNG, <\/span><em><span class=\"blue science-text\" data-t=\"detail-panel-content-author-name\">Barnickes2n \u2022 <\/span><\/em><span class=\"blue science-text\" data-t=\"detail-panel-content-author-name\">Istockfoto.com, <em><span class=\"Rye3KMUNTj8P2cax uBspLB1w9pEad2Yk\">archideaphoto\u00a0 <\/span><\/em><\/span><strong>W\u00e4rmeschutzfolie: <\/strong><span class=\"BxUVEf ILfuVd\" lang=\"de\"><span class=\"hgKElc pOOWX\">Avery Dennison\u00a0 <strong>Sichtschutzfolie: <\/strong>www.speedpro.com\u00a0 <\/span><\/span><span class=\"BxUVEf ILfuVd\" lang=\"de\"><span class=\"hgKElc pOOWX\"><strong>Energiesparfolie: <\/strong>Shutterstock.com <\/span><\/span><em>Olga_Ionina <span class=\"BxUVEf ILfuVd\" lang=\"de\"><span class=\"hgKElc pOOWX\"><strong>UV-Schutzfolie: <\/strong><\/span><\/span><\/em><span class=\"BxUVEf ILfuVd\" lang=\"de\"><span class=\"hgKElc pOOWX\">Istockfoto.com <\/span><\/span><em>gyn9038\u00a0 <span class=\"BxUVEf ILfuVd\" lang=\"de\"><span class=\"hgKElc pOOWX\"><strong>Einbruchschutzfolie: <\/strong><\/span><\/span><\/em><span class=\"BxUVEf ILfuVd\" lang=\"de\"><span class=\"hgKElc pOOWX\"><span class=\"blue science-text\" data-t=\"detail-panel-content-author-name\">Adobestock.com<\/span><\/span><\/span><em><span class=\"BxUVEf ILfuVd\" lang=\"de\"><span class=\"hgKElc pOOWX\"> Robert Kneschke\u00a0 <strong>M\u00f6belfolien: <\/strong><\/span><\/span><\/em><span class=\"BxUVEf ILfuVd\" lang=\"de\"><span class=\"hgKElc pOOWX\"><span class=\"blue science-text\" data-t=\"detail-panel-content-author-name\">Adobestock.com<\/span><\/span><\/span><em><span class=\"BxUVEf ILfuVd\" lang=\"de\"><span class=\"hgKElc pOOWX\"> hd3dsh\u00a0 <strong>\u00dcber uns:<\/strong><\/span><\/span><\/em><span class=\"BxUVEf ILfuVd\" lang=\"de\"><span class=\"hgKElc pOOWX\"><span class=\"Rye3KMUNTj8P2cax uBspLB1w9pEad2Yk\">@pattywetli <\/span><\/span><\/span><em><span class=\"BxUVEf ILfuVd\" lang=\"de\"><span class=\"hgKElc pOOWX\"><span class=\"Rye3KMUNTj8P2cax uBspLB1w9pEad2Yk\">Privat<\/span><\/span><\/span><\/em><\/p><h2>Disclaimer<\/h2><h3>1. Warnhinweis zu Inhalten<\/h3><p>Die kostenlosen und frei zug\u00e4nglichen Inhalte dieser Webseite wurden mit gr\u00f6\u00dftm\u00f6glicher Sorgfalt erstellt. Der Anbieter dieser Webseite \u00fcbernimmt jedoch keine Gew\u00e4hr f\u00fcr die Richtigkeit und Aktualit\u00e4t der bereitgestellten kostenlosen und frei zug\u00e4nglichen journalistischen Ratgeber und Nachrichten. Die Nutzung dieser Webseiteninhalte erfolgt auf eigene Gefahr. Allein durch den Aufruf dieser kostenlosen und frei zug\u00e4nglichen Inhalte kommt keinerlei Vertragsverh\u00e4ltnis zwischen dem Nutzer und dem Anbieter zustande, insoweit fehlt es am Rechtsbindungswillen des Anbieters.<\/p><h3>2. Verlinkungen<\/h3><p>Die Webseite enth\u00e4lt Verlinkungen zu anderen Webseiten (&#8222;externe Links&#8220;). Diese Webseiten unterliegen der Haftung der jeweiligen Seitenbetreiber. Bei Verkn\u00fcpfung der externen Links waren keine Rechtsverst\u00f6\u00dfe ersichtlich. Auf die aktuelle und k\u00fcnftige Gestaltung der verlinkten Seiten hat der Anbieter keinen Einfluss. Die permanente \u00dcberpr\u00fcfung der externen Links ist f\u00fcr den Anbieter ohne konkrete Hinweise auf Rechtsverst\u00f6\u00dfe nicht zumutbar. Bei Bekanntwerden von Rechtsverst\u00f6\u00dfen werden die betroffenen externen Links unverz\u00fcglich gel\u00f6scht.<\/p><h3>3. Urheberrecht \/ Leistungsschutzrecht<\/h3><p>Die auf dieser Webseite durch den Anbieter ver\u00f6ffentlichten Inhalte unterliegen dem deutschen Urheberrecht und Leistungsschutzrecht. Alle vom deutschen Urheber- und Leistungsschutzrecht nicht zugelassene Verwertung bedarf der vorherigen schriftlichen Zustimmung des Anbieters oder jeweiligen Rechteinhabers. Dies gilt vor allem f\u00fcr Vervielf\u00e4ltigung, Bearbeitung, \u00dcbersetzung, Einspeicherung, Verarbeitung bzw. Wiedergabe von Inhalten in Datenbanken oder anderen elektronischen Medien und Systemen. Dabei sind Inhalte und Rechte Dritter als solche gekennzeichnet. Das unerlaubte Kopieren der Webseiteninhalte oder der kompletten Webseite ist nicht gestattet und strafbar. Lediglich die Herstellung von Kopien und Downloads f\u00fcr den pers\u00f6nlichen, privaten und nicht kommerziellen Gebrauch ist erlaubt.<\/p><p>Diese Website darf ohne schriftliche Erlaubnis nicht durch Dritte in Frames oder iFrames dargestellt werden.<\/p><h3>4. Keine Werbung<\/h3><p>Die Verwendung der Kontaktdaten des Impressums zur gewerblichen Werbung ist ausdr\u00fccklich nicht erw\u00fcnscht, es sei denn der Anbieter hatte zuvor seine schriftliche Einwilligung erteilt oder es besteht bereits eine Gesch\u00e4ftsbeziehung. Der Anbieter und alle auf dieser Website genannten Personen widersprechen hiermit jeder kommerziellen Verwendung und Weitergabe ihrer Daten.<\/p><h3>5. Besondere Nutzungsbedingungen<\/h3><p>Soweit besondere Bedingungen f\u00fcr einzelne Nutzungen dieser Website von den vorgenannten Nummern 1. bis 4. abweichen, wird an entsprechender Stelle ausdr\u00fccklich darauf hingewiesen. In diesem Falle gelten im jeweiligen Einzelfall die besonderen Bedingungen.<\/p>\t\t\t\t\t\t\t\t<\/div>\n\t\t\t\t<\/div>\n\t\t\t\t\t<\/div>\n\t\t\t\t<\/div>\n\t\t\t\t<\/div>\n\t\t","protected":false},"excerpt":{"rendered":"<p>Impressum Angaben gem\u00e4\u00df \u00a7 5 TMG Denise JazdzynskiDePa DienstleistungWilhelmshavener Str. 1724105 Kiel Kontakt Telefon: 0176 30121151E-Mail: info@depa-dienstleistung.de Umsatzsteuer-ID Umsatzsteuer-Identifikationsnummer gem\u00e4\u00df \u00a7 27 a Umsatzsteuergesetz:20\/058\/07957 EU-Streitschlichtung Die Europ\u00e4ische Kommission stellt eine Plattform zur Online-Streitbeilegung (OS) bereit: https:\/\/ec.europa.eu\/consumers\/odr\/.Unsere E-Mail-Adresse finden Sie oben im Impressum. Verbraucher\u00adstreit\u00adbeilegung\/Universal\u00adschlichtungs\u00adstelle Wir sind nicht bereit oder verpflichtet, an Streitbeilegungsverfahren vor einer Verbraucherschlichtungsstelle teilzunehmen. Quelle: www.e-recht24.de Bildnachweise: Home: Istockfoto.com shansekala \u2022 Istockfoto John Keeble \u2022 Istockfoto.com, Natali Prasm \u2022 Istockfoto.com, Maximkostenko \u2022 Istockfoto.com, Phototropic \u2022 Istockfoto.com, PPAM Picture und movingmoods \u2022 Adobestock.com, corepics \u2022 Istockfoto.com, rilueda \u2022 FAVPNG, Barnickes2n \u2022 Istockfoto.com, archideaphoto\u00a0 W\u00e4rmeschutzfolie: Avery Dennison\u00a0 Sichtschutzfolie: www.speedpro.com\u00a0 Energiesparfolie: Shutterstock.com Olga_Ionina UV-Schutzfolie: Istockfoto.com gyn9038\u00a0 Einbruchschutzfolie: Adobestock.com Robert Kneschke\u00a0 M\u00f6belfolien: Adobestock.com hd3dsh\u00a0 \u00dcber uns:@pattywetli Privat Disclaimer 1. Warnhinweis zu Inhalten Die kostenlosen und frei zug\u00e4nglichen Inhalte dieser Webseite wurden mit gr\u00f6\u00dftm\u00f6glicher Sorgfalt erstellt. Der Anbieter dieser Webseite \u00fcbernimmt jedoch keine Gew\u00e4hr f\u00fcr die Richtigkeit und Aktualit\u00e4t der bereitgestellten kostenlosen und frei zug\u00e4nglichen journalistischen Ratgeber und Nachrichten. Die Nutzung dieser Webseiteninhalte erfolgt auf eigene Gefahr. Allein durch den Aufruf dieser kostenlosen und frei zug\u00e4nglichen Inhalte kommt keinerlei Vertragsverh\u00e4ltnis zwischen dem Nutzer und dem Anbieter zustande, insoweit fehlt es am Rechtsbindungswillen des Anbieters. 2. Verlinkungen Die Webseite enth\u00e4lt Verlinkungen zu anderen Webseiten (&#8222;externe Links&#8220;). Diese Webseiten unterliegen der Haftung der jeweiligen Seitenbetreiber. Bei Verkn\u00fcpfung der externen Links waren keine Rechtsverst\u00f6\u00dfe ersichtlich. Auf die aktuelle und k\u00fcnftige Gestaltung der verlinkten Seiten hat der Anbieter keinen Einfluss. Die permanente \u00dcberpr\u00fcfung der externen Links ist f\u00fcr den Anbieter ohne konkrete Hinweise auf Rechtsverst\u00f6\u00dfe nicht zumutbar. Bei Bekanntwerden von Rechtsverst\u00f6\u00dfen werden die betroffenen externen Links unverz\u00fcglich gel\u00f6scht. 3. Urheberrecht \/ Leistungsschutzrecht Die auf dieser Webseite durch den Anbieter ver\u00f6ffentlichten Inhalte unterliegen dem deutschen Urheberrecht und Leistungsschutzrecht. Alle vom deutschen Urheber- und Leistungsschutzrecht nicht zugelassene Verwertung bedarf der vorherigen schriftlichen Zustimmung des Anbieters oder jeweiligen Rechteinhabers. Dies gilt vor allem f\u00fcr Vervielf\u00e4ltigung, Bearbeitung, \u00dcbersetzung, Einspeicherung, Verarbeitung bzw. Wiedergabe von Inhalten in Datenbanken oder anderen elektronischen Medien und Systemen. Dabei sind Inhalte und Rechte Dritter als solche gekennzeichnet. Das unerlaubte Kopieren der Webseiteninhalte oder der kompletten Webseite ist nicht gestattet und strafbar. Lediglich die Herstellung von Kopien und Downloads f\u00fcr den pers\u00f6nlichen, privaten und nicht kommerziellen Gebrauch ist erlaubt. Diese Website darf ohne schriftliche Erlaubnis nicht durch Dritte in Frames oder iFrames dargestellt werden. 4. Keine Werbung Die Verwendung der Kontaktdaten des Impressums zur gewerblichen Werbung ist ausdr\u00fccklich nicht erw\u00fcnscht, es sei denn der Anbieter hatte zuvor seine schriftliche Einwilligung erteilt oder es besteht bereits eine Gesch\u00e4ftsbeziehung. Der Anbieter und alle auf dieser Website genannten Personen widersprechen hiermit jeder kommerziellen Verwendung und Weitergabe ihrer Daten. 5. Besondere Nutzungsbedingungen Soweit besondere Bedingungen f\u00fcr einzelne Nutzungen dieser Website von den vorgenannten Nummern 1. bis 4. abweichen, wird an entsprechender Stelle ausdr\u00fccklich darauf hingewiesen. In diesem Falle gelten im jeweiligen Einzelfall die besonderen Bedingungen.<\/p>\n","protected":false},"author":1,"featured_media":0,"parent":0,"menu_order":0,"comment_status":"closed","ping_status":"closed","template":"","meta":{"footnotes":""},"class_list":["post-2260","page","type-page","status-publish","hentry"],"_links":{"self":[{"href":"https:\/\/depa-folierung.de\/index.php?rest_route=\/wp\/v2\/pages\/2260","targetHints":{"allow":["GET"]}}],"collection":[{"href":"https:\/\/depa-folierung.de\/index.php?rest_route=\/wp\/v2\/pages"}],"about":[{"href":"https:\/\/depa-folierung.de\/index.php?rest_route=\/wp\/v2\/types\/page"}],"author":[{"embeddable":true,"href":"https:\/\/depa-folierung.de\/index.php?rest_route=\/wp\/v2\/users\/1"}],"replies":[{"embeddable":true,"href":"https:\/\/depa-folierung.de\/index.php?rest_route=%2Fwp%2Fv2%2Fcomments&post=2260"}],"version-history":[{"count":41,"href":"https:\/\/depa-folierung.de\/index.php?rest_route=\/wp\/v2\/pages\/2260\/revisions"}],"predecessor-version":[{"id":3364,"href":"https:\/\/depa-folierung.de\/index.php?rest_route=\/wp\/v2\/pages\/2260\/revisions\/3364"}],"wp:attachment":[{"href":"https:\/\/depa-folierung.de\/index.php?rest_route=%2Fwp%2Fv2%2Fmedia&parent=2260"}],"curies":[{"name":"wp","href":"https:\/\/api.w.org\/{rel}","templated":true}]}}